{"id":15,"date":"2024-03-01T12:52:12","date_gmt":"2024-03-01T12:52:12","guid":{"rendered":"https:\/\/dummy.xtemos.com\/woodmart2\/vegetables-elementor\/?page_id=15"},"modified":"2025-03-16T12:46:29","modified_gmt":"2025-03-16T12:46:29","slug":"despre","status":"publish","type":"page","link":"https:\/\/ecobolle.md\/?page_id=15","title":{"rendered":"Despre noi"},"content":{"rendered":"\t\t<div data-elementor-type=\"wp-page\" data-elementor-id=\"15\" class=\"elementor elementor-15\">\n\t\t\t\t<div class=\"wd-negative-gap elementor-element elementor-element-5123e6c e-flex e-con-boxed e-con e-parent\" data-id=\"5123e6c\" data-element_type=\"container\">\n\t\t\t\t\t<div class=\"e-con-inner\">\n\t\t<div class=\"elementor-element elementor-element-d96a18c e-con-full e-flex e-con e-child\" data-id=\"d96a18c\" data-element_type=\"container\">\n\t\t\t\t<div class=\"elementor-element elementor-element-7a938f3 elementor-widget elementor-widget-image\" data-id=\"7a938f3\" data-element_type=\"widget\" data-widget_type=\"image.default\">\n\t\t\t\t<div class=\"elementor-widget-container\">\n\t\t\t\t\t\t\t\t\t\t\t\t\t\t\t<img fetchpriority=\"high\" decoding=\"async\" width=\"689\" height=\"512\" src=\"https:\/\/ecobolle.md\/wp-content\/uploads\/2025\/02\/Despre-noi.jpeg\" class=\"attachment-large size-large wp-image-1645\" alt=\"\" srcset=\"https:\/\/ecobolle.md\/wp-content\/uploads\/2025\/02\/Despre-noi.jpeg 689w, https:\/\/ecobolle.md\/wp-content\/uploads\/2025\/02\/Despre-noi-300x223.jpeg 300w, https:\/\/ecobolle.md\/wp-content\/uploads\/2025\/02\/Despre-noi-150x111.jpeg 150w\" sizes=\"(max-width: 689px) 100vw, 689px\" \/>\t\t\t\t\t\t\t\t\t\t\t\t\t\t\t<\/div>\n\t\t\t\t<\/div>\n\t\t\t\t<\/div>\n\t\t<div class=\"elementor-element elementor-element-cca9ce8 e-con-full e-flex e-con e-child\" data-id=\"cca9ce8\" data-element_type=\"container\">\n\t\t\t\t<div class=\"elementor-element elementor-element-df0c631 wd-width-100 elementor-widget elementor-widget-wd_title\" data-id=\"df0c631\" data-element_type=\"widget\" data-widget_type=\"wd_title.default\">\n\t\t\t\t<div class=\"elementor-widget-container\">\n\t\t\t\t\t\t\t<div class=\"title-wrapper wd-set-mb reset-last-child wd-title-color-default wd-title-style-default wd-title-size-default text-left\">\n\n\t\t\t\n\t\t\t<div class=\"liner-continer\">\n\t\t\t\t<h4 class=\"woodmart-title-container title wd-fontsize-l\">Cine suntem?<\/h4> \n\t\t\t\t\t\t\t<\/div>\n\n\t\t\t\t\t<\/div>\n\t\t\t\t\t\t<\/div>\n\t\t\t\t<\/div>\n\t\t\t\t<div class=\"elementor-element elementor-element-c8aa6fe elementor-widget elementor-widget-wd_text_block\" data-id=\"c8aa6fe\" data-element_type=\"widget\" data-widget_type=\"wd_text_block.default\">\n\t\t\t\t<div class=\"elementor-widget-container\">\n\t\t\t\t\t\t\t<div class=\"wd-text-block reset-last-child text-left\">\n\t\t\t\n\t\t\t<p>Site-ul ecobolle.md - magazin online de detergen\u021bi la robinet, este de\u021binut de compania Flamisa SRL - importator \u00een R. Moldova al produselor de igien\u0103 italiene Eco Bolle, Natural Soap \u0219i YesHome. Suntem importatorii unei game largi de produse precum: detergent \u0219i balsam de rufe (at\u00e2t pentru uz casnic, c\u00e2t \u0219i \u00een sp\u0103l\u0103torii profesionale), detergent de vase, detergent de podele, degresan\u021bi, acizi de cur\u0103\u021bare pentru baie, produse de igien\u0103 personal\u0103 (s\u0103pun de m\u00e2ini, gel de du\u0219, \u0219ampon). Produsele cump\u0103rate prin intermediul magazinului online ecobolle.md pot fi livrate \u00een orice localitate din R. Moldova, \u00een termen de 24-48 de ore (cu expep\u021bia zonei din st\u00e2nga Nistrului).<\/p>\n\t\t\t\t\t<\/div>\n\t\t\t\t\t\t<\/div>\n\t\t\t\t<\/div>\n\t\t\t\t<div class=\"elementor-element elementor-element-88a92ec elementor-widget elementor-widget-wd_text_block\" data-id=\"88a92ec\" data-element_type=\"widget\" data-widget_type=\"wd_text_block.default\">\n\t\t\t\t<div class=\"elementor-widget-container\">\n\t\t\t\t\t\t\t<div class=\"wd-text-block reset-last-child text-left\">\n\t\t\t\n\t\t\t<p><b>IMPORTANT! <\/b>Aspectul ambalajului produselor poate fi diferit de cel de prezentare de pe site, care are doar un caracter ilustrativ.<\/p>\n\t\t\t\t\t<\/div>\n\t\t\t\t\t\t<\/div>\n\t\t\t\t<\/div>\n\t\t\t\t<\/div>\n\t\t\t\t\t<\/div>\n\t\t\t\t<\/div>\n\t\t<div class=\"wd-negative-gap elementor-element elementor-element-89bf40a e-flex e-con-boxed e-con e-parent\" data-id=\"89bf40a\" data-element_type=\"container\" data-settings=\"{&quot;background_background&quot;:&quot;classic&quot;}\">\n\t\t\t\t\t<div class=\"e-con-inner\">\n\t\t<div class=\"wd-negative-gap elementor-element elementor-element-861ad0a e-flex e-con-boxed e-con e-child\" data-id=\"861ad0a\" data-element_type=\"container\">\n\t\t\t\t\t<div class=\"e-con-inner\">\n\t\t<div class=\"elementor-element elementor-element-bcd9584 e-con-full e-flex e-con e-child\" data-id=\"bcd9584\" data-element_type=\"container\">\n\t\t\t\t<div class=\"elementor-element elementor-element-9f1e637 elementor-widget elementor-widget-wd_infobox\" data-id=\"9f1e637\" data-element_type=\"widget\" data-widget_type=\"wd_infobox.default\">\n\t\t\t\t<div class=\"elementor-widget-container\">\n\t\t\t\t\t\t\t<div class=\"info-box-wrapper\">\n\t\t\t<div class=\"wd-info-box text-left box-icon-align-top box-style-base color-scheme- with-btn box-btn-static\">\n\t\t\t\t\n\t\t\t\t<div class=\"info-box-content\">\n\t\t\t\t\t\n\t\t\t\t\t\t\t\t\t\t\t<h4\t\t\t\t\t\tclass=\"info-box-title title box-title-style-default wd-fontsize-m\" data-elementor-setting-key=\"title\">\n\t\t\t\t\t\t\t\tVrei s\u0103 fii partenerul nostru?\t\t\t\t\t\t<\/h4>\n\t\t\t\t\t\n\t\t\t\t\t<div class=\"info-box-inner reset-last-child\"data-elementor-setting-key=\"content\"><\/p>\n<p>Dac\u0103 ai nevoie de cantit\u0103\u021bi mai mari de produse <i>de<\/i> igien\u0103 marca Ecobolle, la pre\u021b avantajos, contacteaz\u0103-ne.<\/p>\n<\/div>\n\n\t\t\t\t\t\t\t\t\t\t\t<div class=\"info-btn-wrapper\">\n\t\t\t\t\t\t\t\t\t<div class=\"wd-button-wrapper text-left\" >\n\t\t\t<a class=\"btn btn-style-default btn-shape-semi-round btn-size-default btn-color-primary btn-icon-pos-right\"  href=\"https:\/\/ecobolle.md\/contact-us\/\">\n\t\t\t\t<span class=\"wd-btn-text\" data-elementor-setting-key=\"text\">\n\t\t\t\t\tContact Us\t\t\t\t<\/span>\n\n\t\t\t\t\t\t\t<\/a>\n\t\t<\/div>\n\t\t\t\t\t\t\t\t<\/div>\n\t\t\t\t\t\t\t\t\t<\/div>\n\n\t\t\t\t\t\t\t<\/div>\n\t\t<\/div>\n\t\t\t\t\t\t<\/div>\n\t\t\t\t<\/div>\n\t\t\t\t<\/div>\n\t\t\t\t\t<\/div>\n\t\t\t\t<\/div>\n\t\t\t\t\t<\/div>\n\t\t\t\t<\/div>\n\t\t\t\t<\/div>\n\t\t","protected":false},"excerpt":{"rendered":"<p>Cine suntem? Site-ul ecobolle.md &#8211; magazin online de detergen\u021bi la robinet, este de\u021binut de compania Flamisa SRL &#8211; importator \u00een<\/p>\n","protected":false},"author":1,"featured_media":0,"parent":0,"menu_order":0,"comment_status":"closed","ping_status":"closed","template":"","meta":{"footnotes":""},"class_list":["post-15","page","type-page","status-publish","hentry"],"jetpack_sharing_enabled":true,"_links":{"self":[{"href":"https:\/\/ecobolle.md\/index.php?rest_route=\/wp\/v2\/pages\/15","targetHints":{"allow":["GET"]}}],"collection":[{"href":"https:\/\/ecobolle.md\/index.php?rest_route=\/wp\/v2\/pages"}],"about":[{"href":"https:\/\/ecobolle.md\/index.php?rest_route=\/wp\/v2\/types\/page"}],"author":[{"embeddable":true,"href":"https:\/\/ecobolle.md\/index.php?rest_route=\/wp\/v2\/users\/1"}],"replies":[{"embeddable":true,"href":"https:\/\/ecobolle.md\/index.php?rest_route=%2Fwp%2Fv2%2Fcomments&post=15"}],"version-history":[{"count":28,"href":"https:\/\/ecobolle.md\/index.php?rest_route=\/wp\/v2\/pages\/15\/revisions"}],"predecessor-version":[{"id":1728,"href":"https:\/\/ecobolle.md\/index.php?rest_route=\/wp\/v2\/pages\/15\/revisions\/1728"}],"wp:attachment":[{"href":"https:\/\/ecobolle.md\/index.php?rest_route=%2Fwp%2Fv2%2Fmedia&parent=15"}],"curies":[{"name":"wp","href":"https:\/\/api.w.org\/{rel}","templated":true}]}}