{"id":1333,"date":"2025-01-20T18:58:02","date_gmt":"2025-01-20T18:58:02","guid":{"rendered":"https:\/\/ecobolle.md\/?post_type=product&#038;p=1333"},"modified":"2025-02-10T16:39:55","modified_gmt":"2025-02-10T16:39:55","slug":"narcis-detergent-de-rufe","status":"publish","type":"product","link":"https:\/\/ecobolle.md\/?product=narcis-detergent-de-rufe","title":{"rendered":"Narcis &#8211; Detergent de rufe"},"content":{"rendered":"<p><span style=\"font-weight: 400;\">Detergent cu note florale \u0219i orientale rafinate. Potrivit pentru sp\u0103larea articolelor de \u00eembr\u0103c\u0103minte albe \u0219i colorate. \u00cendep\u0103rteaz\u0103 murd\u0103ria chiar \u0219i la temperaturi sc\u0103zute. <\/span><\/p>\n","protected":false},"excerpt":{"rendered":"<p><span style=\"font-weight: 400;\">Detergent cu note florale \u0219i orientale rafinate. Potrivit pentru sp\u0103larea articolelor de \u00eembr\u0103c\u0103minte albe \u0219i colorate. \u00cendep\u0103rteaz\u0103 murd\u0103ria chiar \u0219i la temperaturi sc\u0103zute. <\/span><\/p>\n","protected":false},"featured_media":1334,"comment_status":"open","ping_status":"closed","template":"","meta":[],"product_brand":[],"product_cat":[76],"product_tag":[],"class_list":{"0":"post-1333","1":"product","2":"type-product","3":"status-publish","4":"has-post-thumbnail","6":"product_cat-detergent-pentru-rufe","8":"first","9":"instock","10":"shipping-taxable","11":"purchasable","12":"product-type-simple"},"jetpack_sharing_enabled":true,"_links":{"self":[{"href":"https:\/\/ecobolle.md\/index.php?rest_route=\/wp\/v2\/product\/1333","targetHints":{"allow":["GET"]}}],"collection":[{"href":"https:\/\/ecobolle.md\/index.php?rest_route=\/wp\/v2\/product"}],"about":[{"href":"https:\/\/ecobolle.md\/index.php?rest_route=\/wp\/v2\/types\/product"}],"replies":[{"embeddable":true,"href":"https:\/\/ecobolle.md\/index.php?rest_route=%2Fwp%2Fv2%2Fcomments&post=1333"}],"version-history":[{"count":1,"href":"https:\/\/ecobolle.md\/index.php?rest_route=\/wp\/v2\/product\/1333\/revisions"}],"predecessor-version":[{"id":1335,"href":"https:\/\/ecobolle.md\/index.php?rest_route=\/wp\/v2\/product\/1333\/revisions\/1335"}],"wp:featuredmedia":[{"embeddable":true,"href":"https:\/\/ecobolle.md\/index.php?rest_route=\/wp\/v2\/media\/1334"}],"wp:attachment":[{"href":"https:\/\/ecobolle.md\/index.php?rest_route=%2Fwp%2Fv2%2Fmedia&parent=1333"}],"wp:term":[{"taxonomy":"product_brand","embeddable":true,"href":"https:\/\/ecobolle.md\/index.php?rest_route=%2Fwp%2Fv2%2Fproduct_brand&post=1333"},{"taxonomy":"product_cat","embeddable":true,"href":"https:\/\/ecobolle.md\/index.php?rest_route=%2Fwp%2Fv2%2Fproduct_cat&post=1333"},{"taxonomy":"product_tag","embeddable":true,"href":"https:\/\/ecobolle.md\/index.php?rest_route=%2Fwp%2Fv2%2Fproduct_tag&post=1333"}],"curies":[{"name":"wp","href":"https:\/\/api.w.org\/{rel}","templated":true}]}}