{"id":1354,"date":"2025-02-03T19:55:15","date_gmt":"2025-02-03T19:55:15","guid":{"rendered":"https:\/\/ecobolle.md\/?post_type=product&#038;p=1354"},"modified":"2025-02-16T10:48:58","modified_gmt":"2025-02-16T10:48:58","slug":"blue-active-plus-detergent-de-rufe","status":"publish","type":"product","link":"https:\/\/ecobolle.md\/?product=blue-active-plus-detergent-de-rufe","title":{"rendered":"Blue Active Plus &#8211; Detergent de rufe"},"content":{"rendered":"<p><span style=\"font-weight: 400;\">Un detergent profesional pentru ma\u0219ina de sp\u0103lat, pentru articole de \u00eembr\u0103c\u0103minte albe \u0219i colorate. Formula sa foarte concentrat\u0103 \u0219i parfumat\u0103 permite \u00eendep\u0103rtarea murd\u0103riei de pe orice \u021bes\u0103tur\u0103, oferind hainelor un miros intens \u0219i proasp\u0103t.<\/span><\/p>\n","protected":false},"excerpt":{"rendered":"<p><span style=\"font-weight: 400;\">Un detergent profesional pentru ma\u0219ina de sp\u0103lat, pentru articole de \u00eembr\u0103c\u0103minte albe \u0219i colorate. Formula sa foarte concentrat\u0103 \u0219i parfumat\u0103 permite \u00eendep\u0103rtarea murd\u0103riei de pe orice \u021bes\u0103tur\u0103, oferind hainelor un miros intens \u0219i proasp\u0103t.<\/span><\/p>\n","protected":false},"featured_media":1355,"comment_status":"open","ping_status":"closed","template":"","meta":[],"product_brand":[],"product_cat":[76,87],"product_tag":[],"class_list":{"0":"post-1354","1":"product","2":"type-product","3":"status-publish","4":"has-post-thumbnail","6":"product_cat-detergent-pentru-rufe","7":"product_cat-gama-profi","9":"first","10":"instock","11":"shipping-taxable","12":"purchasable","13":"product-type-simple"},"jetpack_sharing_enabled":true,"_links":{"self":[{"href":"https:\/\/ecobolle.md\/index.php?rest_route=\/wp\/v2\/product\/1354","targetHints":{"allow":["GET"]}}],"collection":[{"href":"https:\/\/ecobolle.md\/index.php?rest_route=\/wp\/v2\/product"}],"about":[{"href":"https:\/\/ecobolle.md\/index.php?rest_route=\/wp\/v2\/types\/product"}],"replies":[{"embeddable":true,"href":"https:\/\/ecobolle.md\/index.php?rest_route=%2Fwp%2Fv2%2Fcomments&post=1354"}],"version-history":[{"count":1,"href":"https:\/\/ecobolle.md\/index.php?rest_route=\/wp\/v2\/product\/1354\/revisions"}],"predecessor-version":[{"id":1356,"href":"https:\/\/ecobolle.md\/index.php?rest_route=\/wp\/v2\/product\/1354\/revisions\/1356"}],"wp:featuredmedia":[{"embeddable":true,"href":"https:\/\/ecobolle.md\/index.php?rest_route=\/wp\/v2\/media\/1355"}],"wp:attachment":[{"href":"https:\/\/ecobolle.md\/index.php?rest_route=%2Fwp%2Fv2%2Fmedia&parent=1354"}],"wp:term":[{"taxonomy":"product_brand","embeddable":true,"href":"https:\/\/ecobolle.md\/index.php?rest_route=%2Fwp%2Fv2%2Fproduct_brand&post=1354"},{"taxonomy":"product_cat","embeddable":true,"href":"https:\/\/ecobolle.md\/index.php?rest_route=%2Fwp%2Fv2%2Fproduct_cat&post=1354"},{"taxonomy":"product_tag","embeddable":true,"href":"https:\/\/ecobolle.md\/index.php?rest_route=%2Fwp%2Fv2%2Fproduct_tag&post=1354"}],"curies":[{"name":"wp","href":"https:\/\/api.w.org\/{rel}","templated":true}]}}