{"id":1412,"date":"2025-02-09T12:18:29","date_gmt":"2025-02-09T12:18:29","guid":{"rendered":"https:\/\/ecobolle.md\/?post_type=product&#038;p=1412"},"modified":"2025-02-10T16:41:39","modified_gmt":"2025-02-10T16:41:39","slug":"floare-de-casmir-detergent-de-rufe","status":"publish","type":"product","link":"https:\/\/ecobolle.md\/?product=floare-de-casmir-detergent-de-rufe","title":{"rendered":"Floare de Ca\u0219mir &#8211; Detergent de rufe"},"content":{"rendered":"<p><span style=\"font-weight: 400;\">Detergent<\/span><span style=\"font-weight: 400;\"> potrivit at\u00e2t pentru ma\u0219ina de sp\u0103lat, c\u00e2t \u0219i pentru sp\u0103larea manual\u0103 a hainelor din <\/span><span style=\"font-weight: 400;\">orice tip de fibr\u0103: bumbac, in, l\u00e2n\u0103, m\u0103tase \u0219i delicate. <\/span><\/p>\n","protected":false},"excerpt":{"rendered":"<p><span style=\"font-weight: 400;\">Detergent<\/span><span style=\"font-weight: 400;\"> potrivit at\u00e2t pentru ma\u0219ina de sp\u0103lat, c\u00e2t \u0219i pentru sp\u0103larea manual\u0103 a hainelor din <\/span><span style=\"font-weight: 400;\">orice tip de fibr\u0103: bumbac, in, l\u00e2n\u0103, m\u0103tase \u0219i delicate.<\/span><\/p>\n","protected":false},"featured_media":1414,"comment_status":"open","ping_status":"closed","template":"","meta":[],"product_brand":[],"product_cat":[76],"product_tag":[],"class_list":{"0":"post-1412","1":"product","2":"type-product","3":"status-publish","4":"has-post-thumbnail","6":"product_cat-detergent-pentru-rufe","8":"first","9":"instock","10":"shipping-taxable","11":"purchasable","12":"product-type-simple"},"jetpack_sharing_enabled":true,"_links":{"self":[{"href":"https:\/\/ecobolle.md\/index.php?rest_route=\/wp\/v2\/product\/1412","targetHints":{"allow":["GET"]}}],"collection":[{"href":"https:\/\/ecobolle.md\/index.php?rest_route=\/wp\/v2\/product"}],"about":[{"href":"https:\/\/ecobolle.md\/index.php?rest_route=\/wp\/v2\/types\/product"}],"replies":[{"embeddable":true,"href":"https:\/\/ecobolle.md\/index.php?rest_route=%2Fwp%2Fv2%2Fcomments&post=1412"}],"version-history":[{"count":2,"href":"https:\/\/ecobolle.md\/index.php?rest_route=\/wp\/v2\/product\/1412\/revisions"}],"predecessor-version":[{"id":1415,"href":"https:\/\/ecobolle.md\/index.php?rest_route=\/wp\/v2\/product\/1412\/revisions\/1415"}],"wp:featuredmedia":[{"embeddable":true,"href":"https:\/\/ecobolle.md\/index.php?rest_route=\/wp\/v2\/media\/1414"}],"wp:attachment":[{"href":"https:\/\/ecobolle.md\/index.php?rest_route=%2Fwp%2Fv2%2Fmedia&parent=1412"}],"wp:term":[{"taxonomy":"product_brand","embeddable":true,"href":"https:\/\/ecobolle.md\/index.php?rest_route=%2Fwp%2Fv2%2Fproduct_brand&post=1412"},{"taxonomy":"product_cat","embeddable":true,"href":"https:\/\/ecobolle.md\/index.php?rest_route=%2Fwp%2Fv2%2Fproduct_cat&post=1412"},{"taxonomy":"product_tag","embeddable":true,"href":"https:\/\/ecobolle.md\/index.php?rest_route=%2Fwp%2Fv2%2Fproduct_tag&post=1412"}],"curies":[{"name":"wp","href":"https:\/\/api.w.org\/{rel}","templated":true}]}}