{"id":1436,"date":"2025-02-09T12:57:59","date_gmt":"2025-02-09T12:57:59","guid":{"rendered":"https:\/\/ecobolle.md\/?post_type=product&#038;p=1436"},"modified":"2025-06-13T17:55:01","modified_gmt":"2025-06-13T14:55:01","slug":"inalbitor-delicat","status":"publish","type":"product","link":"https:\/\/ecobolle.md\/?product=inalbitor-delicat","title":{"rendered":"\u00cen\u0103lbitor Delicat"},"content":{"rendered":"<p><span style=\"font-weight: 400;\">\u00cen\u0103lbitorul Delicat este un detergent care cur\u0103\u021b\u0103 \u00een profunzime orice tip de \u021bes\u0103turi. Poate fi folosit \u0219i pentru petele de pe hainele colorate. Con\u021bine peroxid de hidrogen \u0219i, prin urmare, poate fi utilizat pentru igienizare pe toate suprafe\u021bele.<\/span><\/p>\n","protected":false},"excerpt":{"rendered":"<p><span style=\"font-weight: 400;\">\u00cen\u0103lbitorul Delicat este un detergent care cur\u0103\u021b\u0103 \u00een profunzime orice tip de \u021bes\u0103turi. Poate fi folosit \u0219i pentru petele de pe hainele colorate. Con\u021bine peroxid de hidrogen \u0219i, prin urmare, poate fi utilizat pentru igienizare pe toate suprafe\u021bele.<\/span><\/p>\n","protected":false},"featured_media":1438,"comment_status":"open","ping_status":"closed","template":"","meta":[],"product_brand":[],"product_cat":[78],"product_tag":[],"class_list":{"0":"post-1436","1":"product","2":"type-product","3":"status-publish","4":"has-post-thumbnail","6":"product_cat-solutii-pete","8":"first","9":"instock","10":"shipping-taxable","11":"purchasable","12":"product-type-simple"},"jetpack_sharing_enabled":true,"_links":{"self":[{"href":"https:\/\/ecobolle.md\/index.php?rest_route=\/wp\/v2\/product\/1436","targetHints":{"allow":["GET"]}}],"collection":[{"href":"https:\/\/ecobolle.md\/index.php?rest_route=\/wp\/v2\/product"}],"about":[{"href":"https:\/\/ecobolle.md\/index.php?rest_route=\/wp\/v2\/types\/product"}],"replies":[{"embeddable":true,"href":"https:\/\/ecobolle.md\/index.php?rest_route=%2Fwp%2Fv2%2Fcomments&post=1436"}],"version-history":[{"count":1,"href":"https:\/\/ecobolle.md\/index.php?rest_route=\/wp\/v2\/product\/1436\/revisions"}],"predecessor-version":[{"id":1437,"href":"https:\/\/ecobolle.md\/index.php?rest_route=\/wp\/v2\/product\/1436\/revisions\/1437"}],"wp:featuredmedia":[{"embeddable":true,"href":"https:\/\/ecobolle.md\/index.php?rest_route=\/wp\/v2\/media\/1438"}],"wp:attachment":[{"href":"https:\/\/ecobolle.md\/index.php?rest_route=%2Fwp%2Fv2%2Fmedia&parent=1436"}],"wp:term":[{"taxonomy":"product_brand","embeddable":true,"href":"https:\/\/ecobolle.md\/index.php?rest_route=%2Fwp%2Fv2%2Fproduct_brand&post=1436"},{"taxonomy":"product_cat","embeddable":true,"href":"https:\/\/ecobolle.md\/index.php?rest_route=%2Fwp%2Fv2%2Fproduct_cat&post=1436"},{"taxonomy":"product_tag","embeddable":true,"href":"https:\/\/ecobolle.md\/index.php?rest_route=%2Fwp%2Fv2%2Fproduct_tag&post=1436"}],"curies":[{"name":"wp","href":"https:\/\/api.w.org\/{rel}","templated":true}]}}