{"id":1454,"date":"2025-02-09T13:40:27","date_gmt":"2025-02-09T13:40:27","guid":{"rendered":"https:\/\/ecobolle.md\/?post_type=product&#038;p=1454"},"modified":"2025-02-10T09:50:57","modified_gmt":"2025-02-10T09:50:57","slug":"ambra-solutie-de-calcat","status":"publish","type":"product","link":"https:\/\/ecobolle.md\/?product=ambra-solutie-de-calcat","title":{"rendered":"Ambra &#8211; Solu\u021bie de c\u0103lcat"},"content":{"rendered":"<p><span style=\"font-weight: 400;\">Face\u021bi c\u0103lcarea hainelor rapid\u0103 \u0219i u\u0219oar\u0103 prin pulverizarea produsului pe haine \u00eenainte de c\u0103lcare. Solu\u021bia de c\u0103lcat Ambra p\u0103trunde \u00een fibre red\u00e2ndu-le tonusul \u0219i elasticitatea. Ajut\u0103 la eliminarea cutelor, l\u0103s\u00e2nd un miros cu note delicate dulci \u0219i florale pe rufe.\u00a0<\/span><\/p>\n","protected":false},"excerpt":{"rendered":"<p><span style=\"font-weight: 400;\">Face\u021bi c\u0103lcarea hainelor rapid\u0103 \u0219i u\u0219oar\u0103 prin pulverizarea produsului pe haine \u00eenainte de c\u0103lcare. Solu\u021bia de c\u0103lcat Ambra p\u0103trunde \u00een fibre red\u00e2ndu-le tonusul \u0219i elasticitatea. Ajut\u0103 la eliminarea cutelor, l\u0103s\u00e2nd un miros cu note delicate dulci \u0219i florale pe rufe.<\/span><\/p>\n","protected":false},"featured_media":1456,"comment_status":"open","ping_status":"closed","template":"","meta":[],"product_brand":[],"product_cat":[86],"product_tag":[],"class_list":{"0":"post-1454","1":"product","2":"type-product","3":"status-publish","4":"has-post-thumbnail","6":"product_cat-solutie-calcat-haine","8":"first","9":"instock","10":"shipping-taxable","11":"purchasable","12":"product-type-simple"},"jetpack_sharing_enabled":true,"_links":{"self":[{"href":"https:\/\/ecobolle.md\/index.php?rest_route=\/wp\/v2\/product\/1454","targetHints":{"allow":["GET"]}}],"collection":[{"href":"https:\/\/ecobolle.md\/index.php?rest_route=\/wp\/v2\/product"}],"about":[{"href":"https:\/\/ecobolle.md\/index.php?rest_route=\/wp\/v2\/types\/product"}],"replies":[{"embeddable":true,"href":"https:\/\/ecobolle.md\/index.php?rest_route=%2Fwp%2Fv2%2Fcomments&post=1454"}],"version-history":[{"count":3,"href":"https:\/\/ecobolle.md\/index.php?rest_route=\/wp\/v2\/product\/1454\/revisions"}],"predecessor-version":[{"id":1556,"href":"https:\/\/ecobolle.md\/index.php?rest_route=\/wp\/v2\/product\/1454\/revisions\/1556"}],"wp:featuredmedia":[{"embeddable":true,"href":"https:\/\/ecobolle.md\/index.php?rest_route=\/wp\/v2\/media\/1456"}],"wp:attachment":[{"href":"https:\/\/ecobolle.md\/index.php?rest_route=%2Fwp%2Fv2%2Fmedia&parent=1454"}],"wp:term":[{"taxonomy":"product_brand","embeddable":true,"href":"https:\/\/ecobolle.md\/index.php?rest_route=%2Fwp%2Fv2%2Fproduct_brand&post=1454"},{"taxonomy":"product_cat","embeddable":true,"href":"https:\/\/ecobolle.md\/index.php?rest_route=%2Fwp%2Fv2%2Fproduct_cat&post=1454"},{"taxonomy":"product_tag","embeddable":true,"href":"https:\/\/ecobolle.md\/index.php?rest_route=%2Fwp%2Fv2%2Fproduct_tag&post=1454"}],"curies":[{"name":"wp","href":"https:\/\/api.w.org\/{rel}","templated":true}]}}