{"id":1467,"date":"2025-02-09T13:50:43","date_gmt":"2025-02-09T13:50:43","guid":{"rendered":"https:\/\/ecobolle.md\/?post_type=product&#038;p=1467"},"modified":"2025-06-13T18:10:29","modified_gmt":"2025-06-13T15:10:29","slug":"capri-2-in-1-gel-de-dus-si-sampon","status":"publish","type":"product","link":"https:\/\/ecobolle.md\/?product=capri-2-in-1-gel-de-dus-si-sampon","title":{"rendered":"Capri (2 \u00een 1) &#8211; Gel de du\u0219 \u0219i \u0219ampon"},"content":{"rendered":"<p><span style=\"font-weight: 400;\">Un \u0219ampon de du\u0219 care combin\u0103 caracteristicile gelului de du\u0219 \u0219i \u0219amponului \u00eentr-un singur produs. Are o formul\u0103 potrivit\u0103 pentru sp\u0103larea frecvent\u0103 a corpului \u0219i a p\u0103rului, f\u0103r\u0103 a-i modifica echilibrul.<\/span><\/p>\n","protected":false},"excerpt":{"rendered":"<p><span style=\"font-weight: 400;\">Un \u0219ampon de du\u0219 care combin\u0103 caracteristicile gelului de du\u0219 \u0219i \u0219amponului \u00eentr-un singur produs. Are o formul\u0103 potrivit\u0103 pentru sp\u0103larea frecvent\u0103 a corpului \u0219i a p\u0103rului, f\u0103r\u0103 a-i modifica echilibrul.<\/span><\/p>\n","protected":false},"featured_media":1468,"comment_status":"open","ping_status":"closed","template":"","meta":[],"product_brand":[],"product_cat":[82,83],"product_tag":[],"class_list":{"0":"post-1467","1":"product","2":"type-product","3":"status-publish","4":"has-post-thumbnail","6":"product_cat-gel-de-dus","7":"product_cat-sampon","9":"first","10":"instock","11":"shipping-taxable","12":"purchasable","13":"product-type-simple"},"jetpack_sharing_enabled":true,"_links":{"self":[{"href":"https:\/\/ecobolle.md\/index.php?rest_route=\/wp\/v2\/product\/1467","targetHints":{"allow":["GET"]}}],"collection":[{"href":"https:\/\/ecobolle.md\/index.php?rest_route=\/wp\/v2\/product"}],"about":[{"href":"https:\/\/ecobolle.md\/index.php?rest_route=\/wp\/v2\/types\/product"}],"replies":[{"embeddable":true,"href":"https:\/\/ecobolle.md\/index.php?rest_route=%2Fwp%2Fv2%2Fcomments&post=1467"}],"version-history":[{"count":1,"href":"https:\/\/ecobolle.md\/index.php?rest_route=\/wp\/v2\/product\/1467\/revisions"}],"predecessor-version":[{"id":1469,"href":"https:\/\/ecobolle.md\/index.php?rest_route=\/wp\/v2\/product\/1467\/revisions\/1469"}],"wp:featuredmedia":[{"embeddable":true,"href":"https:\/\/ecobolle.md\/index.php?rest_route=\/wp\/v2\/media\/1468"}],"wp:attachment":[{"href":"https:\/\/ecobolle.md\/index.php?rest_route=%2Fwp%2Fv2%2Fmedia&parent=1467"}],"wp:term":[{"taxonomy":"product_brand","embeddable":true,"href":"https:\/\/ecobolle.md\/index.php?rest_route=%2Fwp%2Fv2%2Fproduct_brand&post=1467"},{"taxonomy":"product_cat","embeddable":true,"href":"https:\/\/ecobolle.md\/index.php?rest_route=%2Fwp%2Fv2%2Fproduct_cat&post=1467"},{"taxonomy":"product_tag","embeddable":true,"href":"https:\/\/ecobolle.md\/index.php?rest_route=%2Fwp%2Fv2%2Fproduct_tag&post=1467"}],"curies":[{"name":"wp","href":"https:\/\/api.w.org\/{rel}","templated":true}]}}