{"id":1476,"date":"2025-02-09T14:00:23","date_gmt":"2025-02-09T14:00:23","guid":{"rendered":"https:\/\/ecobolle.md\/?post_type=product&#038;p=1476"},"modified":"2025-02-10T09:40:13","modified_gmt":"2025-02-10T09:40:13","slug":"bianco-sapun-de-maini","status":"publish","type":"product","link":"https:\/\/ecobolle.md\/?product=bianco-sapun-de-maini","title":{"rendered":"Bianco &#8211; S\u0103pun de m\u00e2ini"},"content":{"rendered":"<p><span style=\"font-weight: 400;\">S\u0103pun lichid pentru m\u00e2ini cu un parfum pl\u0103cut, dulce-pudrat, care cur\u0103\u021b\u0103 delicat, las\u0103 pielea curat\u0103, proasp\u0103t\u0103 \u0219i moale. Este potrivit pentru igiena zilnic\u0103 a tuturor tipurilor de piele.<\/span><\/p>\n","protected":false},"excerpt":{"rendered":"<p><span style=\"font-weight: 400;\">S\u0103pun lichid pentru m\u00e2ini cu un parfum pl\u0103cut, dulce-pudrat, care cur\u0103\u021b\u0103 delicat, las\u0103 pielea curat\u0103, proasp\u0103t\u0103 \u0219i moale. Este potrivit pentru igiena zilnic\u0103 a tuturor tipurilor de piele.<\/span><\/p>\n","protected":false},"featured_media":1477,"comment_status":"open","ping_status":"closed","template":"","meta":[],"product_brand":[],"product_cat":[84],"product_tag":[],"class_list":{"0":"post-1476","1":"product","2":"type-product","3":"status-publish","4":"has-post-thumbnail","6":"product_cat-sapun-lichid-maini","8":"first","9":"instock","10":"shipping-taxable","11":"purchasable","12":"product-type-simple"},"jetpack_sharing_enabled":true,"_links":{"self":[{"href":"https:\/\/ecobolle.md\/index.php?rest_route=\/wp\/v2\/product\/1476","targetHints":{"allow":["GET"]}}],"collection":[{"href":"https:\/\/ecobolle.md\/index.php?rest_route=\/wp\/v2\/product"}],"about":[{"href":"https:\/\/ecobolle.md\/index.php?rest_route=\/wp\/v2\/types\/product"}],"replies":[{"embeddable":true,"href":"https:\/\/ecobolle.md\/index.php?rest_route=%2Fwp%2Fv2%2Fcomments&post=1476"}],"version-history":[{"count":1,"href":"https:\/\/ecobolle.md\/index.php?rest_route=\/wp\/v2\/product\/1476\/revisions"}],"predecessor-version":[{"id":1478,"href":"https:\/\/ecobolle.md\/index.php?rest_route=\/wp\/v2\/product\/1476\/revisions\/1478"}],"wp:featuredmedia":[{"embeddable":true,"href":"https:\/\/ecobolle.md\/index.php?rest_route=\/wp\/v2\/media\/1477"}],"wp:attachment":[{"href":"https:\/\/ecobolle.md\/index.php?rest_route=%2Fwp%2Fv2%2Fmedia&parent=1476"}],"wp:term":[{"taxonomy":"product_brand","embeddable":true,"href":"https:\/\/ecobolle.md\/index.php?rest_route=%2Fwp%2Fv2%2Fproduct_brand&post=1476"},{"taxonomy":"product_cat","embeddable":true,"href":"https:\/\/ecobolle.md\/index.php?rest_route=%2Fwp%2Fv2%2Fproduct_cat&post=1476"},{"taxonomy":"product_tag","embeddable":true,"href":"https:\/\/ecobolle.md\/index.php?rest_route=%2Fwp%2Fv2%2Fproduct_tag&post=1476"}],"curies":[{"name":"wp","href":"https:\/\/api.w.org\/{rel}","templated":true}]}}