{"id":1489,"date":"2025-02-09T14:49:40","date_gmt":"2025-02-09T14:49:40","guid":{"rendered":"https:\/\/ecobolle.md\/?post_type=product&#038;p=1489"},"modified":"2025-02-10T09:38:35","modified_gmt":"2025-02-10T09:38:35","slug":"concentrat-lamaie-detergent-de-vase-manual","status":"publish","type":"product","link":"https:\/\/ecobolle.md\/?product=concentrat-lamaie-detergent-de-vase-manual","title":{"rendered":"Concentrat L\u0103m\u00e2ie &#8211; Detergent de vase (manual)"},"content":{"rendered":"<p><span style=\"font-weight: 400;\">Detergent de sp\u0103lat vase concentrat, cu miros de l\u0103m\u00e2ie, eficient la \u00eendep\u0103rtarea gr\u0103simii. Asigur\u0103 str\u0103lucirea \u0219i igiena vaselor, dar este delicat cu pielea m\u00e2inilor.<\/span><\/p>\n","protected":false},"excerpt":{"rendered":"<p><span style=\"font-weight: 400;\">Detergent de sp\u0103lat vase concentrat, cu miros de l\u0103m\u00e2ie, eficient la \u00eendep\u0103rtarea gr\u0103simii. Asigur\u0103 str\u0103lucirea \u0219i igiena vaselor, dar este delicat cu pielea m\u00e2inilor.<\/span><\/p>\n","protected":false},"featured_media":1491,"comment_status":"open","ping_status":"closed","template":"","meta":[],"product_brand":[],"product_cat":[88],"product_tag":[],"class_list":{"0":"post-1489","1":"product","2":"type-product","3":"status-publish","4":"has-post-thumbnail","6":"product_cat-detergent-vase","8":"first","9":"instock","10":"shipping-taxable","11":"purchasable","12":"product-type-simple"},"jetpack_sharing_enabled":true,"_links":{"self":[{"href":"https:\/\/ecobolle.md\/index.php?rest_route=\/wp\/v2\/product\/1489","targetHints":{"allow":["GET"]}}],"collection":[{"href":"https:\/\/ecobolle.md\/index.php?rest_route=\/wp\/v2\/product"}],"about":[{"href":"https:\/\/ecobolle.md\/index.php?rest_route=\/wp\/v2\/types\/product"}],"replies":[{"embeddable":true,"href":"https:\/\/ecobolle.md\/index.php?rest_route=%2Fwp%2Fv2%2Fcomments&post=1489"}],"version-history":[{"count":1,"href":"https:\/\/ecobolle.md\/index.php?rest_route=\/wp\/v2\/product\/1489\/revisions"}],"predecessor-version":[{"id":1490,"href":"https:\/\/ecobolle.md\/index.php?rest_route=\/wp\/v2\/product\/1489\/revisions\/1490"}],"wp:featuredmedia":[{"embeddable":true,"href":"https:\/\/ecobolle.md\/index.php?rest_route=\/wp\/v2\/media\/1491"}],"wp:attachment":[{"href":"https:\/\/ecobolle.md\/index.php?rest_route=%2Fwp%2Fv2%2Fmedia&parent=1489"}],"wp:term":[{"taxonomy":"product_brand","embeddable":true,"href":"https:\/\/ecobolle.md\/index.php?rest_route=%2Fwp%2Fv2%2Fproduct_brand&post=1489"},{"taxonomy":"product_cat","embeddable":true,"href":"https:\/\/ecobolle.md\/index.php?rest_route=%2Fwp%2Fv2%2Fproduct_cat&post=1489"},{"taxonomy":"product_tag","embeddable":true,"href":"https:\/\/ecobolle.md\/index.php?rest_route=%2Fwp%2Fv2%2Fproduct_tag&post=1489"}],"curies":[{"name":"wp","href":"https:\/\/api.w.org\/{rel}","templated":true}]}}