{"id":1495,"date":"2025-02-09T14:53:58","date_gmt":"2025-02-09T14:53:58","guid":{"rendered":"https:\/\/ecobolle.md\/?post_type=product&#038;p=1495"},"modified":"2025-02-10T09:37:49","modified_gmt":"2025-02-10T09:37:49","slug":"marsiglia-degresant","status":"publish","type":"product","link":"https:\/\/ecobolle.md\/?product=marsiglia-degresant","title":{"rendered":"Marsiglia &#8211; Degresant"},"content":{"rendered":"<p><span style=\"font-weight: 400;\">Degresantul Marsilia este eficient pe toate suprafe\u021bele dure din mediul casnic \u0219i profesional. Este potrivit pentru \u00eendep\u0103rtarea depunerilor, gr\u0103simii \u0219i murd\u0103riei. <\/span><\/p>\n","protected":false},"excerpt":{"rendered":"<p><span style=\"font-weight: 400;\">Degresantul Marsilia este eficient pe toate suprafe\u021bele dure din mediul casnic \u0219i profesional. Este potrivit pentru \u00eendep\u0103rtarea depunerilor, gr\u0103simii \u0219i murd\u0103riei. <\/span><\/p>\n","protected":false},"featured_media":1496,"comment_status":"open","ping_status":"closed","template":"","meta":[],"product_brand":[],"product_cat":[89],"product_tag":[],"class_list":{"0":"post-1495","1":"product","2":"type-product","3":"status-publish","4":"has-post-thumbnail","6":"product_cat-degresant","8":"first","9":"instock","10":"shipping-taxable","11":"purchasable","12":"product-type-simple"},"jetpack_sharing_enabled":true,"_links":{"self":[{"href":"https:\/\/ecobolle.md\/index.php?rest_route=\/wp\/v2\/product\/1495","targetHints":{"allow":["GET"]}}],"collection":[{"href":"https:\/\/ecobolle.md\/index.php?rest_route=\/wp\/v2\/product"}],"about":[{"href":"https:\/\/ecobolle.md\/index.php?rest_route=\/wp\/v2\/types\/product"}],"replies":[{"embeddable":true,"href":"https:\/\/ecobolle.md\/index.php?rest_route=%2Fwp%2Fv2%2Fcomments&post=1495"}],"version-history":[{"count":1,"href":"https:\/\/ecobolle.md\/index.php?rest_route=\/wp\/v2\/product\/1495\/revisions"}],"predecessor-version":[{"id":1497,"href":"https:\/\/ecobolle.md\/index.php?rest_route=\/wp\/v2\/product\/1495\/revisions\/1497"}],"wp:featuredmedia":[{"embeddable":true,"href":"https:\/\/ecobolle.md\/index.php?rest_route=\/wp\/v2\/media\/1496"}],"wp:attachment":[{"href":"https:\/\/ecobolle.md\/index.php?rest_route=%2Fwp%2Fv2%2Fmedia&parent=1495"}],"wp:term":[{"taxonomy":"product_brand","embeddable":true,"href":"https:\/\/ecobolle.md\/index.php?rest_route=%2Fwp%2Fv2%2Fproduct_brand&post=1495"},{"taxonomy":"product_cat","embeddable":true,"href":"https:\/\/ecobolle.md\/index.php?rest_route=%2Fwp%2Fv2%2Fproduct_cat&post=1495"},{"taxonomy":"product_tag","embeddable":true,"href":"https:\/\/ecobolle.md\/index.php?rest_route=%2Fwp%2Fv2%2Fproduct_tag&post=1495"}],"curies":[{"name":"wp","href":"https:\/\/api.w.org\/{rel}","templated":true}]}}