{"id":1502,"date":"2025-02-09T14:57:57","date_gmt":"2025-02-09T14:57:57","guid":{"rendered":"https:\/\/ecobolle.md\/?post_type=product&#038;p=1502"},"modified":"2025-02-10T09:36:40","modified_gmt":"2025-02-10T09:36:40","slug":"aceto-degresant-2","status":"publish","type":"product","link":"https:\/\/ecobolle.md\/?product=aceto-degresant-2","title":{"rendered":"Aceto &#8211; Degresant"},"content":{"rendered":"<p><span style=\"font-weight: 400;\">Degresantul cu o\u021bet este foarte puternic pentru \u00eendep\u0103rtarea gr\u0103simii persistente \u0219i a murd\u0103riei. Datorit\u0103 formulei sale speciale \u00eembog\u0103\u021bite cu o\u021bet, ve\u021bi putea, de asemenea, s\u0103 profita\u021bi de propriet\u0103\u021bile sale de str\u0103lucire \u0219i de \u00eendep\u0103rtare a mirosurilor nepl\u0103cute.<\/span><\/p>\n","protected":false},"excerpt":{"rendered":"<p><span style=\"font-weight: 400;\">Degresantul cu o\u021bet este foarte puternic pentru \u00eendep\u0103rtarea gr\u0103simii persistente \u0219i a murd\u0103riei. Datorit\u0103 formulei sale speciale \u00eembog\u0103\u021bite cu o\u021bet, ve\u021bi putea, de asemenea, s\u0103 profita\u021bi de propriet\u0103\u021bile sale de str\u0103lucire \u0219i de \u00eendep\u0103rtare a mirosurilor nepl\u0103cute.<\/span><\/p>\n","protected":false},"featured_media":1503,"comment_status":"open","ping_status":"closed","template":"","meta":[],"product_brand":[],"product_cat":[89],"product_tag":[],"class_list":{"0":"post-1502","1":"product","2":"type-product","3":"status-publish","4":"has-post-thumbnail","6":"product_cat-degresant","8":"first","9":"instock","10":"shipping-taxable","11":"purchasable","12":"product-type-simple"},"jetpack_sharing_enabled":true,"_links":{"self":[{"href":"https:\/\/ecobolle.md\/index.php?rest_route=\/wp\/v2\/product\/1502","targetHints":{"allow":["GET"]}}],"collection":[{"href":"https:\/\/ecobolle.md\/index.php?rest_route=\/wp\/v2\/product"}],"about":[{"href":"https:\/\/ecobolle.md\/index.php?rest_route=\/wp\/v2\/types\/product"}],"replies":[{"embeddable":true,"href":"https:\/\/ecobolle.md\/index.php?rest_route=%2Fwp%2Fv2%2Fcomments&post=1502"}],"version-history":[{"count":1,"href":"https:\/\/ecobolle.md\/index.php?rest_route=\/wp\/v2\/product\/1502\/revisions"}],"predecessor-version":[{"id":1504,"href":"https:\/\/ecobolle.md\/index.php?rest_route=\/wp\/v2\/product\/1502\/revisions\/1504"}],"wp:featuredmedia":[{"embeddable":true,"href":"https:\/\/ecobolle.md\/index.php?rest_route=\/wp\/v2\/media\/1503"}],"wp:attachment":[{"href":"https:\/\/ecobolle.md\/index.php?rest_route=%2Fwp%2Fv2%2Fmedia&parent=1502"}],"wp:term":[{"taxonomy":"product_brand","embeddable":true,"href":"https:\/\/ecobolle.md\/index.php?rest_route=%2Fwp%2Fv2%2Fproduct_brand&post=1502"},{"taxonomy":"product_cat","embeddable":true,"href":"https:\/\/ecobolle.md\/index.php?rest_route=%2Fwp%2Fv2%2Fproduct_cat&post=1502"},{"taxonomy":"product_tag","embeddable":true,"href":"https:\/\/ecobolle.md\/index.php?rest_route=%2Fwp%2Fv2%2Fproduct_tag&post=1502"}],"curies":[{"name":"wp","href":"https:\/\/api.w.org\/{rel}","templated":true}]}}