{"id":1505,"date":"2025-02-09T14:59:43","date_gmt":"2025-02-09T14:59:43","guid":{"rendered":"https:\/\/ecobolle.md\/?post_type=product&#038;p=1505"},"modified":"2025-02-10T09:36:57","modified_gmt":"2025-02-10T09:36:57","slug":"super-degresant","status":"publish","type":"product","link":"https:\/\/ecobolle.md\/?product=super-degresant","title":{"rendered":"Super Degresant"},"content":{"rendered":"<p><span style=\"font-weight: 400;\">Un super degresant cu o formul\u0103 imbatabil\u0103 \u00een \u00eendep\u0103rtarea tuturor tipurilor de murd\u0103rie, de pe toate suprafe\u021bele dure din cas\u0103. Perfect pentru \u00eendep\u0103rtarea depunerilor \u0219i gr\u0103simii.<\/span><\/p>\n","protected":false},"excerpt":{"rendered":"<p><span style=\"font-weight: 400;\">Un super degresant cu o formul\u0103 imbatabil\u0103 \u00een \u00eendep\u0103rtarea tuturor tipurilor de murd\u0103rie, de pe toate suprafe\u021bele dure din cas\u0103. Perfect pentru \u00eendep\u0103rtarea depunerilor \u0219i gr\u0103simii.<\/span><\/p>\n","protected":false},"featured_media":1506,"comment_status":"open","ping_status":"closed","template":"","meta":[],"product_brand":[],"product_cat":[89],"product_tag":[],"class_list":{"0":"post-1505","1":"product","2":"type-product","3":"status-publish","4":"has-post-thumbnail","6":"product_cat-degresant","8":"first","9":"instock","10":"shipping-taxable","11":"purchasable","12":"product-type-simple"},"jetpack_sharing_enabled":true,"_links":{"self":[{"href":"https:\/\/ecobolle.md\/index.php?rest_route=\/wp\/v2\/product\/1505","targetHints":{"allow":["GET"]}}],"collection":[{"href":"https:\/\/ecobolle.md\/index.php?rest_route=\/wp\/v2\/product"}],"about":[{"href":"https:\/\/ecobolle.md\/index.php?rest_route=\/wp\/v2\/types\/product"}],"replies":[{"embeddable":true,"href":"https:\/\/ecobolle.md\/index.php?rest_route=%2Fwp%2Fv2%2Fcomments&post=1505"}],"version-history":[{"count":1,"href":"https:\/\/ecobolle.md\/index.php?rest_route=\/wp\/v2\/product\/1505\/revisions"}],"predecessor-version":[{"id":1507,"href":"https:\/\/ecobolle.md\/index.php?rest_route=\/wp\/v2\/product\/1505\/revisions\/1507"}],"wp:featuredmedia":[{"embeddable":true,"href":"https:\/\/ecobolle.md\/index.php?rest_route=\/wp\/v2\/media\/1506"}],"wp:attachment":[{"href":"https:\/\/ecobolle.md\/index.php?rest_route=%2Fwp%2Fv2%2Fmedia&parent=1505"}],"wp:term":[{"taxonomy":"product_brand","embeddable":true,"href":"https:\/\/ecobolle.md\/index.php?rest_route=%2Fwp%2Fv2%2Fproduct_brand&post=1505"},{"taxonomy":"product_cat","embeddable":true,"href":"https:\/\/ecobolle.md\/index.php?rest_route=%2Fwp%2Fv2%2Fproduct_cat&post=1505"},{"taxonomy":"product_tag","embeddable":true,"href":"https:\/\/ecobolle.md\/index.php?rest_route=%2Fwp%2Fv2%2Fproduct_tag&post=1505"}],"curies":[{"name":"wp","href":"https:\/\/api.w.org\/{rel}","templated":true}]}}