{"id":1511,"date":"2025-02-09T15:02:29","date_gmt":"2025-02-09T15:02:29","guid":{"rendered":"https:\/\/ecobolle.md\/?post_type=product&#038;p=1511"},"modified":"2025-02-10T09:34:57","modified_gmt":"2025-02-10T09:34:57","slug":"decarbonizant-pentru-cuptoare-gratare","status":"publish","type":"product","link":"https:\/\/ecobolle.md\/?product=decarbonizant-pentru-cuptoare-gratare","title":{"rendered":"Decarbonizant (pentru cuptoare, gr\u0103tare)"},"content":{"rendered":"<p><span style=\"font-weight: 400;\">Decarbonizant profesional pentru cuptoare, grilluri \u0219i gr\u0103tare. Este eficient \u00een \u00eendep\u0103rtarea reziduurilor alimentare arse. L\u0103sa\u021bi-l s\u0103 ac\u021bioneze timp de aproximativ 3 minute \u00eenainte de cl\u0103tire pentru un rezultat final mai eficient. <\/span><b>Aten\u021bie!<\/b><span style=\"font-weight: 400;\"> A nu se utiliza \u00een contact cu aluminiul.<\/span><\/p>\n","protected":false},"excerpt":{"rendered":"<p><span style=\"font-weight: 400;\">Decarbonizant profesional pentru cuptoare, grilluri \u0219i gr\u0103tare. Este eficient \u00een \u00eendep\u0103rtarea reziduurilor alimentare arse. L\u0103sa\u021bi-l s\u0103 ac\u021bioneze timp de aproximativ 3 minute \u00eenainte de cl\u0103tire pentru un rezultat final mai eficient. <\/span><b>Aten\u021bie!<\/b><span style=\"font-weight: 400;\"> A nu se utiliza \u00een contact cu aluminiul.<\/span><\/p>\n","protected":false},"featured_media":1512,"comment_status":"open","ping_status":"closed","template":"","meta":[],"product_brand":[],"product_cat":[89],"product_tag":[],"class_list":{"0":"post-1511","1":"product","2":"type-product","3":"status-publish","4":"has-post-thumbnail","6":"product_cat-degresant","8":"first","9":"instock","10":"shipping-taxable","11":"purchasable","12":"product-type-simple"},"jetpack_sharing_enabled":true,"_links":{"self":[{"href":"https:\/\/ecobolle.md\/index.php?rest_route=\/wp\/v2\/product\/1511","targetHints":{"allow":["GET"]}}],"collection":[{"href":"https:\/\/ecobolle.md\/index.php?rest_route=\/wp\/v2\/product"}],"about":[{"href":"https:\/\/ecobolle.md\/index.php?rest_route=\/wp\/v2\/types\/product"}],"replies":[{"embeddable":true,"href":"https:\/\/ecobolle.md\/index.php?rest_route=%2Fwp%2Fv2%2Fcomments&post=1511"}],"version-history":[{"count":1,"href":"https:\/\/ecobolle.md\/index.php?rest_route=\/wp\/v2\/product\/1511\/revisions"}],"predecessor-version":[{"id":1513,"href":"https:\/\/ecobolle.md\/index.php?rest_route=\/wp\/v2\/product\/1511\/revisions\/1513"}],"wp:featuredmedia":[{"embeddable":true,"href":"https:\/\/ecobolle.md\/index.php?rest_route=\/wp\/v2\/media\/1512"}],"wp:attachment":[{"href":"https:\/\/ecobolle.md\/index.php?rest_route=%2Fwp%2Fv2%2Fmedia&parent=1511"}],"wp:term":[{"taxonomy":"product_brand","embeddable":true,"href":"https:\/\/ecobolle.md\/index.php?rest_route=%2Fwp%2Fv2%2Fproduct_brand&post=1511"},{"taxonomy":"product_cat","embeddable":true,"href":"https:\/\/ecobolle.md\/index.php?rest_route=%2Fwp%2Fv2%2Fproduct_cat&post=1511"},{"taxonomy":"product_tag","embeddable":true,"href":"https:\/\/ecobolle.md\/index.php?rest_route=%2Fwp%2Fv2%2Fproduct_tag&post=1511"}],"curies":[{"name":"wp","href":"https:\/\/api.w.org\/{rel}","templated":true}]}}