{"id":1521,"date":"2025-02-09T15:49:29","date_gmt":"2025-02-09T15:49:29","guid":{"rendered":"https:\/\/ecobolle.md\/?post_type=product&#038;p=1521"},"modified":"2025-02-10T09:31:52","modified_gmt":"2025-02-10T09:31:52","slug":"detergent-crema-pentru-baie","status":"publish","type":"product","link":"https:\/\/ecobolle.md\/?product=detergent-crema-pentru-baie","title":{"rendered":"Detergent crem\u0103 pentru baie"},"content":{"rendered":"<p><span style=\"font-weight: 400;\">Microparticulele sale elimin\u0103 murd\u0103ria \u0219i cele mai dificile pete. Formula sa special\u0103 este bl\u00e2nd\u0103 pe toate suprafe\u021bele \u0219i las\u0103 un miros pl\u0103cut mentolat. <\/span><\/p>\n","protected":false},"excerpt":{"rendered":"<p><span style=\"font-weight: 400;\">Microparticulele sale elimin\u0103 murd\u0103ria \u0219i cele mai dificile pete. Formula sa special\u0103 este bl\u00e2nd\u0103 pe toate suprafe\u021bele \u0219i las\u0103 un miros pl\u0103cut mentolat. <\/span><\/p>\n","protected":false},"featured_media":1522,"comment_status":"open","ping_status":"closed","template":"","meta":[],"product_brand":[],"product_cat":[91],"product_tag":[],"class_list":{"0":"post-1521","1":"product","2":"type-product","3":"status-publish","4":"has-post-thumbnail","6":"product_cat-baie-bucatarie","8":"first","9":"instock","10":"shipping-taxable","11":"purchasable","12":"product-type-simple"},"jetpack_sharing_enabled":true,"_links":{"self":[{"href":"https:\/\/ecobolle.md\/index.php?rest_route=\/wp\/v2\/product\/1521","targetHints":{"allow":["GET"]}}],"collection":[{"href":"https:\/\/ecobolle.md\/index.php?rest_route=\/wp\/v2\/product"}],"about":[{"href":"https:\/\/ecobolle.md\/index.php?rest_route=\/wp\/v2\/types\/product"}],"replies":[{"embeddable":true,"href":"https:\/\/ecobolle.md\/index.php?rest_route=%2Fwp%2Fv2%2Fcomments&post=1521"}],"version-history":[{"count":1,"href":"https:\/\/ecobolle.md\/index.php?rest_route=\/wp\/v2\/product\/1521\/revisions"}],"predecessor-version":[{"id":1523,"href":"https:\/\/ecobolle.md\/index.php?rest_route=\/wp\/v2\/product\/1521\/revisions\/1523"}],"wp:featuredmedia":[{"embeddable":true,"href":"https:\/\/ecobolle.md\/index.php?rest_route=\/wp\/v2\/media\/1522"}],"wp:attachment":[{"href":"https:\/\/ecobolle.md\/index.php?rest_route=%2Fwp%2Fv2%2Fmedia&parent=1521"}],"wp:term":[{"taxonomy":"product_brand","embeddable":true,"href":"https:\/\/ecobolle.md\/index.php?rest_route=%2Fwp%2Fv2%2Fproduct_brand&post=1521"},{"taxonomy":"product_cat","embeddable":true,"href":"https:\/\/ecobolle.md\/index.php?rest_route=%2Fwp%2Fv2%2Fproduct_cat&post=1521"},{"taxonomy":"product_tag","embeddable":true,"href":"https:\/\/ecobolle.md\/index.php?rest_route=%2Fwp%2Fv2%2Fproduct_tag&post=1521"}],"curies":[{"name":"wp","href":"https:\/\/api.w.org\/{rel}","templated":true}]}}