{"id":1536,"date":"2025-02-09T16:03:03","date_gmt":"2025-02-09T16:03:03","guid":{"rendered":"https:\/\/ecobolle.md\/?post_type=product&#038;p=1536"},"modified":"2025-02-10T09:29:26","modified_gmt":"2025-02-10T09:29:26","slug":"geamuri-si-oglinzi-solutie-spray","status":"publish","type":"product","link":"https:\/\/ecobolle.md\/?product=geamuri-si-oglinzi-solutie-spray","title":{"rendered":"Geamuri \u0219i Oglinzi &#8211; Solu\u021bie spray"},"content":{"rendered":"<p><span style=\"font-weight: 400;\">Face sticla, cristalele, oglinzile \u0219i obiectele delicate s\u0103 str\u0103luceasc\u0103, eliber\u00e2nd un miros pl\u0103cut de l\u0103m\u00e2ie \u00een aer.<\/span><\/p>\n","protected":false},"excerpt":{"rendered":"<p><span style=\"font-weight: 400;\">Face sticla, cristalele, oglinzile \u0219i obiectele delicate s\u0103 str\u0103luceasc\u0103, eliber\u00e2nd un miros pl\u0103cut de l\u0103m\u00e2ie \u00een aer.<\/span><\/p>\n","protected":false},"featured_media":1537,"comment_status":"open","ping_status":"closed","template":"","meta":[],"product_brand":[],"product_cat":[91],"product_tag":[],"class_list":{"0":"post-1536","1":"product","2":"type-product","3":"status-publish","4":"has-post-thumbnail","6":"product_cat-baie-bucatarie","8":"first","9":"instock","10":"shipping-taxable","11":"purchasable","12":"product-type-simple"},"jetpack_sharing_enabled":true,"_links":{"self":[{"href":"https:\/\/ecobolle.md\/index.php?rest_route=\/wp\/v2\/product\/1536","targetHints":{"allow":["GET"]}}],"collection":[{"href":"https:\/\/ecobolle.md\/index.php?rest_route=\/wp\/v2\/product"}],"about":[{"href":"https:\/\/ecobolle.md\/index.php?rest_route=\/wp\/v2\/types\/product"}],"replies":[{"embeddable":true,"href":"https:\/\/ecobolle.md\/index.php?rest_route=%2Fwp%2Fv2%2Fcomments&post=1536"}],"version-history":[{"count":1,"href":"https:\/\/ecobolle.md\/index.php?rest_route=\/wp\/v2\/product\/1536\/revisions"}],"predecessor-version":[{"id":1538,"href":"https:\/\/ecobolle.md\/index.php?rest_route=\/wp\/v2\/product\/1536\/revisions\/1538"}],"wp:featuredmedia":[{"embeddable":true,"href":"https:\/\/ecobolle.md\/index.php?rest_route=\/wp\/v2\/media\/1537"}],"wp:attachment":[{"href":"https:\/\/ecobolle.md\/index.php?rest_route=%2Fwp%2Fv2%2Fmedia&parent=1536"}],"wp:term":[{"taxonomy":"product_brand","embeddable":true,"href":"https:\/\/ecobolle.md\/index.php?rest_route=%2Fwp%2Fv2%2Fproduct_brand&post=1536"},{"taxonomy":"product_cat","embeddable":true,"href":"https:\/\/ecobolle.md\/index.php?rest_route=%2Fwp%2Fv2%2Fproduct_cat&post=1536"},{"taxonomy":"product_tag","embeddable":true,"href":"https:\/\/ecobolle.md\/index.php?rest_route=%2Fwp%2Fv2%2Fproduct_tag&post=1536"}],"curies":[{"name":"wp","href":"https:\/\/api.w.org\/{rel}","templated":true}]}}