{"id":1563,"date":"2025-02-16T10:44:31","date_gmt":"2025-02-16T10:44:31","guid":{"rendered":"https:\/\/ecobolle.md\/?post_type=product&#038;p=1563"},"modified":"2025-02-16T10:47:57","modified_gmt":"2025-02-16T10:47:57","slug":"detergent-praf-profesional","status":"publish","type":"product","link":"https:\/\/ecobolle.md\/?product=detergent-praf-profesional","title":{"rendered":"Detergent praf profesional"},"content":{"rendered":"<p><span style=\"font-weight: 400;\">Pulbere granular\u0103 de calitate \u00eenalt\u0103 pentru sp\u0103larea manual\u0103 sau la ma\u0219in\u0103 a \u021bes\u0103turilor din bumbac, in, sintetice, fie ele albe sau colorate. Este potrivit at\u00e2t pentru sp\u0103l\u0103toriile profesionale, c\u00e2t \u0219i pentru uz casnic, pentru ob\u021binerea celor mai bune rezultate la sp\u0103larea hainelor, prosoapelor, albiturilor.\u00a0<\/span><\/p>\n","protected":false},"excerpt":{"rendered":"<p><span style=\"font-weight: 400;\">Pulbere granular\u0103 de calitate \u00eenalt\u0103 pentru sp\u0103larea manual\u0103 sau la ma\u0219in\u0103 a \u021bes\u0103turilor din bumbac, in, sintetice, fie ele albe sau colorate. Este potrivit at\u00e2t pentru sp\u0103l\u0103toriile profesionale, c\u00e2t \u0219i pentru uz casnic, pentru ob\u021binerea celor mai bune rezultate la sp\u0103larea hainelor, prosoapelor, albiturilor.<\/span><\/p>\n","protected":false},"featured_media":1564,"comment_status":"open","ping_status":"closed","template":"","meta":[],"product_brand":[],"product_cat":[76,87],"product_tag":[],"class_list":{"0":"post-1563","1":"product","2":"type-product","3":"status-publish","4":"has-post-thumbnail","6":"product_cat-detergent-pentru-rufe","7":"product_cat-gama-profi","9":"first","10":"instock","11":"shipping-taxable","12":"purchasable","13":"product-type-simple"},"jetpack_sharing_enabled":true,"_links":{"self":[{"href":"https:\/\/ecobolle.md\/index.php?rest_route=\/wp\/v2\/product\/1563","targetHints":{"allow":["GET"]}}],"collection":[{"href":"https:\/\/ecobolle.md\/index.php?rest_route=\/wp\/v2\/product"}],"about":[{"href":"https:\/\/ecobolle.md\/index.php?rest_route=\/wp\/v2\/types\/product"}],"replies":[{"embeddable":true,"href":"https:\/\/ecobolle.md\/index.php?rest_route=%2Fwp%2Fv2%2Fcomments&post=1563"}],"version-history":[{"count":2,"href":"https:\/\/ecobolle.md\/index.php?rest_route=\/wp\/v2\/product\/1563\/revisions"}],"predecessor-version":[{"id":1566,"href":"https:\/\/ecobolle.md\/index.php?rest_route=\/wp\/v2\/product\/1563\/revisions\/1566"}],"wp:featuredmedia":[{"embeddable":true,"href":"https:\/\/ecobolle.md\/index.php?rest_route=\/wp\/v2\/media\/1564"}],"wp:attachment":[{"href":"https:\/\/ecobolle.md\/index.php?rest_route=%2Fwp%2Fv2%2Fmedia&parent=1563"}],"wp:term":[{"taxonomy":"product_brand","embeddable":true,"href":"https:\/\/ecobolle.md\/index.php?rest_route=%2Fwp%2Fv2%2Fproduct_brand&post=1563"},{"taxonomy":"product_cat","embeddable":true,"href":"https:\/\/ecobolle.md\/index.php?rest_route=%2Fwp%2Fv2%2Fproduct_cat&post=1563"},{"taxonomy":"product_tag","embeddable":true,"href":"https:\/\/ecobolle.md\/index.php?rest_route=%2Fwp%2Fv2%2Fproduct_tag&post=1563"}],"curies":[{"name":"wp","href":"https:\/\/api.w.org\/{rel}","templated":true}]}}