{"id":1573,"date":"2025-02-16T10:58:54","date_gmt":"2025-02-16T10:58:54","guid":{"rendered":"https:\/\/ecobolle.md\/?post_type=product&#038;p=1573"},"modified":"2025-02-16T10:59:24","modified_gmt":"2025-02-16T10:59:24","slug":"neutru-si-delicat-detergent-de-vase","status":"publish","type":"product","link":"https:\/\/ecobolle.md\/?product=neutru-si-delicat-detergent-de-vase","title":{"rendered":"Neutru \u0219i Delicat &#8211; Detergent de vase (manual)"},"content":{"rendered":"<p><span style=\"font-weight: 400;\">Produs potrivit pentru sp\u0103larea manual\u0103 a vaselor. Formula sa cu putere mare de degresare elimin\u0103 gr\u0103simea \u0219i mirosurile dificil de eliminat. PH-ul neutru \u00eel face delicat cu m\u00e2inile.<\/span><\/p>\n","protected":false},"excerpt":{"rendered":"<p><span style=\"font-weight: 400;\">Produs potrivit pentru sp\u0103larea manual\u0103 a vaselor. Formula sa cu putere mare de degresare elimin\u0103 gr\u0103simea \u0219i mirosurile dificil de eliminat. PH-ul neutru \u00eel face delicat cu m\u00e2inile.<\/span><\/p>\n","protected":false},"featured_media":1574,"comment_status":"open","ping_status":"closed","template":"","meta":[],"product_brand":[],"product_cat":[88],"product_tag":[],"class_list":{"0":"post-1573","1":"product","2":"type-product","3":"status-publish","4":"has-post-thumbnail","6":"product_cat-detergent-vase","8":"first","9":"instock","10":"shipping-taxable","11":"purchasable","12":"product-type-simple"},"jetpack_sharing_enabled":true,"_links":{"self":[{"href":"https:\/\/ecobolle.md\/index.php?rest_route=\/wp\/v2\/product\/1573","targetHints":{"allow":["GET"]}}],"collection":[{"href":"https:\/\/ecobolle.md\/index.php?rest_route=\/wp\/v2\/product"}],"about":[{"href":"https:\/\/ecobolle.md\/index.php?rest_route=\/wp\/v2\/types\/product"}],"replies":[{"embeddable":true,"href":"https:\/\/ecobolle.md\/index.php?rest_route=%2Fwp%2Fv2%2Fcomments&post=1573"}],"version-history":[{"count":2,"href":"https:\/\/ecobolle.md\/index.php?rest_route=\/wp\/v2\/product\/1573\/revisions"}],"predecessor-version":[{"id":1576,"href":"https:\/\/ecobolle.md\/index.php?rest_route=\/wp\/v2\/product\/1573\/revisions\/1576"}],"wp:featuredmedia":[{"embeddable":true,"href":"https:\/\/ecobolle.md\/index.php?rest_route=\/wp\/v2\/media\/1574"}],"wp:attachment":[{"href":"https:\/\/ecobolle.md\/index.php?rest_route=%2Fwp%2Fv2%2Fmedia&parent=1573"}],"wp:term":[{"taxonomy":"product_brand","embeddable":true,"href":"https:\/\/ecobolle.md\/index.php?rest_route=%2Fwp%2Fv2%2Fproduct_brand&post=1573"},{"taxonomy":"product_cat","embeddable":true,"href":"https:\/\/ecobolle.md\/index.php?rest_route=%2Fwp%2Fv2%2Fproduct_cat&post=1573"},{"taxonomy":"product_tag","embeddable":true,"href":"https:\/\/ecobolle.md\/index.php?rest_route=%2Fwp%2Fv2%2Fproduct_tag&post=1573"}],"curies":[{"name":"wp","href":"https:\/\/api.w.org\/{rel}","templated":true}]}}