{"id":1577,"date":"2025-02-16T11:01:22","date_gmt":"2025-02-16T11:01:22","guid":{"rendered":"https:\/\/ecobolle.md\/?post_type=product&#038;p=1577"},"modified":"2025-02-16T11:01:22","modified_gmt":"2025-02-16T11:01:22","slug":"portocala-si-rodie-detergent-de-vase-manual","status":"publish","type":"product","link":"https:\/\/ecobolle.md\/?product=portocala-si-rodie-detergent-de-vase-manual","title":{"rendered":"Portocal\u0103 \u0219i Rodie &#8211; Detergent de vase (manual)"},"content":{"rendered":"<p><span style=\"font-weight: 400;\">Detergentul de vase concentrat, cu miros pl\u0103cut de portocal\u0103 \u0219i rodie. \u00cendep\u0103rteaz\u0103 eficient gr\u0103simea, asigur\u0103 str\u0103lucirea \u0219i igiena vaselor, dar este delicat cu pielea m\u00e2inilor.<\/span><\/p>\n","protected":false},"excerpt":{"rendered":"<p><span style=\"font-weight: 400;\">Detergentul de vase concentrat, cu miros pl\u0103cut de portocal\u0103 \u0219i rodie. \u00cendep\u0103rteaz\u0103 eficient gr\u0103simea, asigur\u0103 str\u0103lucirea \u0219i igiena vaselor, dar este delicat cu pielea m\u00e2inilor.<\/span><\/p>\n","protected":false},"featured_media":1578,"comment_status":"open","ping_status":"closed","template":"","meta":[],"product_brand":[],"product_cat":[88],"product_tag":[],"class_list":{"0":"post-1577","1":"product","2":"type-product","3":"status-publish","4":"has-post-thumbnail","6":"product_cat-detergent-vase","8":"first","9":"instock","10":"shipping-taxable","11":"purchasable","12":"product-type-simple"},"jetpack_sharing_enabled":true,"_links":{"self":[{"href":"https:\/\/ecobolle.md\/index.php?rest_route=\/wp\/v2\/product\/1577","targetHints":{"allow":["GET"]}}],"collection":[{"href":"https:\/\/ecobolle.md\/index.php?rest_route=\/wp\/v2\/product"}],"about":[{"href":"https:\/\/ecobolle.md\/index.php?rest_route=\/wp\/v2\/types\/product"}],"replies":[{"embeddable":true,"href":"https:\/\/ecobolle.md\/index.php?rest_route=%2Fwp%2Fv2%2Fcomments&post=1577"}],"version-history":[{"count":1,"href":"https:\/\/ecobolle.md\/index.php?rest_route=\/wp\/v2\/product\/1577\/revisions"}],"predecessor-version":[{"id":1579,"href":"https:\/\/ecobolle.md\/index.php?rest_route=\/wp\/v2\/product\/1577\/revisions\/1579"}],"wp:featuredmedia":[{"embeddable":true,"href":"https:\/\/ecobolle.md\/index.php?rest_route=\/wp\/v2\/media\/1578"}],"wp:attachment":[{"href":"https:\/\/ecobolle.md\/index.php?rest_route=%2Fwp%2Fv2%2Fmedia&parent=1577"}],"wp:term":[{"taxonomy":"product_brand","embeddable":true,"href":"https:\/\/ecobolle.md\/index.php?rest_route=%2Fwp%2Fv2%2Fproduct_brand&post=1577"},{"taxonomy":"product_cat","embeddable":true,"href":"https:\/\/ecobolle.md\/index.php?rest_route=%2Fwp%2Fv2%2Fproduct_cat&post=1577"},{"taxonomy":"product_tag","embeddable":true,"href":"https:\/\/ecobolle.md\/index.php?rest_route=%2Fwp%2Fv2%2Fproduct_tag&post=1577"}],"curies":[{"name":"wp","href":"https:\/\/api.w.org\/{rel}","templated":true}]}}