{"id":1589,"date":"2025-02-16T11:21:08","date_gmt":"2025-02-16T11:21:08","guid":{"rendered":"https:\/\/ecobolle.md\/?post_type=product&#038;p=1589"},"modified":"2025-02-16T11:21:08","modified_gmt":"2025-02-16T11:21:08","slug":"citronela-detergent-pentru-podele","status":"publish","type":"product","link":"https:\/\/ecobolle.md\/?product=citronela-detergent-pentru-podele","title":{"rendered":"Citronela &#8211; Detergent pentru podele"},"content":{"rendered":"<p><span style=\"font-weight: 400;\">\u00cendep\u0103rteaz\u0103 murd\u0103ria \u0219i face s\u0103 str\u0103luceasc\u0103 toate tipurile de podele din cas\u0103. Formula sa special\u0103 se usuc\u0103 rapid f\u0103r\u0103 a l\u0103sa urme, l\u0103s\u00e2nd \u00een aer un miros proasp\u0103t de cur\u0103\u021benie. <\/span><\/p>\n","protected":false},"excerpt":{"rendered":"<p><span style=\"font-weight: 400;\">\u00cendep\u0103rteaz\u0103 murd\u0103ria \u0219i face s\u0103 str\u0103luceasc\u0103 toate tipurile de podele din cas\u0103. Formula sa special\u0103 se usuc\u0103 rapid f\u0103r\u0103 a l\u0103sa urme, l\u0103s\u00e2nd \u00een aer un miros proasp\u0103t de cur\u0103\u021benie. <\/span><\/p>\n","protected":false},"featured_media":1590,"comment_status":"open","ping_status":"closed","template":"","meta":[],"product_brand":[],"product_cat":[90],"product_tag":[],"class_list":{"0":"post-1589","1":"product","2":"type-product","3":"status-publish","4":"has-post-thumbnail","6":"product_cat-detergent-podele","8":"first","9":"instock","10":"shipping-taxable","11":"purchasable","12":"product-type-simple"},"jetpack_sharing_enabled":true,"_links":{"self":[{"href":"https:\/\/ecobolle.md\/index.php?rest_route=\/wp\/v2\/product\/1589","targetHints":{"allow":["GET"]}}],"collection":[{"href":"https:\/\/ecobolle.md\/index.php?rest_route=\/wp\/v2\/product"}],"about":[{"href":"https:\/\/ecobolle.md\/index.php?rest_route=\/wp\/v2\/types\/product"}],"replies":[{"embeddable":true,"href":"https:\/\/ecobolle.md\/index.php?rest_route=%2Fwp%2Fv2%2Fcomments&post=1589"}],"version-history":[{"count":1,"href":"https:\/\/ecobolle.md\/index.php?rest_route=\/wp\/v2\/product\/1589\/revisions"}],"predecessor-version":[{"id":1591,"href":"https:\/\/ecobolle.md\/index.php?rest_route=\/wp\/v2\/product\/1589\/revisions\/1591"}],"wp:featuredmedia":[{"embeddable":true,"href":"https:\/\/ecobolle.md\/index.php?rest_route=\/wp\/v2\/media\/1590"}],"wp:attachment":[{"href":"https:\/\/ecobolle.md\/index.php?rest_route=%2Fwp%2Fv2%2Fmedia&parent=1589"}],"wp:term":[{"taxonomy":"product_brand","embeddable":true,"href":"https:\/\/ecobolle.md\/index.php?rest_route=%2Fwp%2Fv2%2Fproduct_brand&post=1589"},{"taxonomy":"product_cat","embeddable":true,"href":"https:\/\/ecobolle.md\/index.php?rest_route=%2Fwp%2Fv2%2Fproduct_cat&post=1589"},{"taxonomy":"product_tag","embeddable":true,"href":"https:\/\/ecobolle.md\/index.php?rest_route=%2Fwp%2Fv2%2Fproduct_tag&post=1589"}],"curies":[{"name":"wp","href":"https:\/\/api.w.org\/{rel}","templated":true}]}}