{"id":1592,"date":"2025-02-16T11:22:42","date_gmt":"2025-02-16T11:22:42","guid":{"rendered":"https:\/\/ecobolle.md\/?post_type=product&#038;p=1592"},"modified":"2025-02-16T20:04:07","modified_gmt":"2025-02-16T20:04:07","slug":"olimpia-detergent-pentru-podele","status":"publish","type":"product","link":"https:\/\/ecobolle.md\/?product=olimpia-detergent-pentru-podele","title":{"rendered":"Olimpia &#8211; Detergent pentru podele"},"content":{"rendered":"<p><span style=\"font-weight: 400;\">Detergent lichid pentru cur\u0103\u021barea pardoselilor \u0219i a tuturor suprafe\u021belor lavabile din cas\u0103. Formula sa special\u0103 se usuc\u0103 rapid, f\u0103r\u0103 a l\u0103sa urme, l\u0103s\u00e2nd \u00een aer un miros delicat floral. <\/span><\/p>\n","protected":false},"excerpt":{"rendered":"<p><span style=\"font-weight: 400;\">Detergent lichid pentru cur\u0103\u021barea pardoselilor \u0219i a tuturor suprafe\u021belor lavabile din cas\u0103. Formula sa special\u0103 se usuc\u0103 rapid, f\u0103r\u0103 a l\u0103sa urme, l\u0103s\u00e2nd \u00een aer un miros delicat floral. <\/span><\/p>\n","protected":false},"featured_media":1593,"comment_status":"open","ping_status":"closed","template":"","meta":[],"product_brand":[],"product_cat":[90],"product_tag":[],"class_list":{"0":"post-1592","1":"product","2":"type-product","3":"status-publish","4":"has-post-thumbnail","6":"product_cat-detergent-podele","8":"first","9":"instock","10":"shipping-taxable","11":"purchasable","12":"product-type-simple"},"jetpack_sharing_enabled":true,"_links":{"self":[{"href":"https:\/\/ecobolle.md\/index.php?rest_route=\/wp\/v2\/product\/1592","targetHints":{"allow":["GET"]}}],"collection":[{"href":"https:\/\/ecobolle.md\/index.php?rest_route=\/wp\/v2\/product"}],"about":[{"href":"https:\/\/ecobolle.md\/index.php?rest_route=\/wp\/v2\/types\/product"}],"replies":[{"embeddable":true,"href":"https:\/\/ecobolle.md\/index.php?rest_route=%2Fwp%2Fv2%2Fcomments&post=1592"}],"version-history":[{"count":1,"href":"https:\/\/ecobolle.md\/index.php?rest_route=\/wp\/v2\/product\/1592\/revisions"}],"predecessor-version":[{"id":1594,"href":"https:\/\/ecobolle.md\/index.php?rest_route=\/wp\/v2\/product\/1592\/revisions\/1594"}],"wp:featuredmedia":[{"embeddable":true,"href":"https:\/\/ecobolle.md\/index.php?rest_route=\/wp\/v2\/media\/1593"}],"wp:attachment":[{"href":"https:\/\/ecobolle.md\/index.php?rest_route=%2Fwp%2Fv2%2Fmedia&parent=1592"}],"wp:term":[{"taxonomy":"product_brand","embeddable":true,"href":"https:\/\/ecobolle.md\/index.php?rest_route=%2Fwp%2Fv2%2Fproduct_brand&post=1592"},{"taxonomy":"product_cat","embeddable":true,"href":"https:\/\/ecobolle.md\/index.php?rest_route=%2Fwp%2Fv2%2Fproduct_cat&post=1592"},{"taxonomy":"product_tag","embeddable":true,"href":"https:\/\/ecobolle.md\/index.php?rest_route=%2Fwp%2Fv2%2Fproduct_tag&post=1592"}],"curies":[{"name":"wp","href":"https:\/\/api.w.org\/{rel}","templated":true}]}}