{"id":1615,"date":"2025-02-16T12:12:37","date_gmt":"2025-02-16T12:12:37","guid":{"rendered":"https:\/\/ecobolle.md\/?post_type=product&#038;p=1615"},"modified":"2025-04-17T15:20:42","modified_gmt":"2025-04-17T13:20:42","slug":"detergent-auto-pentru-mocheta","status":"publish","type":"product","link":"https:\/\/ecobolle.md\/?product=detergent-auto-pentru-mocheta","title":{"rendered":"Detergent covora\u0219e"},"content":{"rendered":"<p><span style=\"font-weight: 400;\">Detergent profesional pentru covoare. Cur\u0103\u021b\u0103 temeinic, eliber\u00e2nd un miros pl\u0103cut, f\u0103r\u0103 a modifica culoarea sau materialul. <\/span><\/p>\n","protected":false},"excerpt":{"rendered":"<p><span style=\"font-weight: 400;\">Detergent profesional pentru covoare. Cur\u0103\u021b\u0103 temeinic, eliber\u00e2nd un miros pl\u0103cut, f\u0103r\u0103 a modifica culoarea sau materialul. <\/span><\/p>\n","protected":false},"featured_media":1617,"comment_status":"open","ping_status":"closed","template":"","meta":[],"product_brand":[],"product_cat":[93],"product_tag":[],"class_list":{"0":"post-1615","1":"product","2":"type-product","3":"status-publish","4":"has-post-thumbnail","6":"product_cat-auto","8":"first","9":"instock","10":"shipping-taxable","11":"purchasable","12":"product-type-simple"},"jetpack_sharing_enabled":true,"_links":{"self":[{"href":"https:\/\/ecobolle.md\/index.php?rest_route=\/wp\/v2\/product\/1615","targetHints":{"allow":["GET"]}}],"collection":[{"href":"https:\/\/ecobolle.md\/index.php?rest_route=\/wp\/v2\/product"}],"about":[{"href":"https:\/\/ecobolle.md\/index.php?rest_route=\/wp\/v2\/types\/product"}],"replies":[{"embeddable":true,"href":"https:\/\/ecobolle.md\/index.php?rest_route=%2Fwp%2Fv2%2Fcomments&post=1615"}],"version-history":[{"count":2,"href":"https:\/\/ecobolle.md\/index.php?rest_route=\/wp\/v2\/product\/1615\/revisions"}],"predecessor-version":[{"id":1830,"href":"https:\/\/ecobolle.md\/index.php?rest_route=\/wp\/v2\/product\/1615\/revisions\/1830"}],"wp:featuredmedia":[{"embeddable":true,"href":"https:\/\/ecobolle.md\/index.php?rest_route=\/wp\/v2\/media\/1617"}],"wp:attachment":[{"href":"https:\/\/ecobolle.md\/index.php?rest_route=%2Fwp%2Fv2%2Fmedia&parent=1615"}],"wp:term":[{"taxonomy":"product_brand","embeddable":true,"href":"https:\/\/ecobolle.md\/index.php?rest_route=%2Fwp%2Fv2%2Fproduct_brand&post=1615"},{"taxonomy":"product_cat","embeddable":true,"href":"https:\/\/ecobolle.md\/index.php?rest_route=%2Fwp%2Fv2%2Fproduct_cat&post=1615"},{"taxonomy":"product_tag","embeddable":true,"href":"https:\/\/ecobolle.md\/index.php?rest_route=%2Fwp%2Fv2%2Fproduct_tag&post=1615"}],"curies":[{"name":"wp","href":"https:\/\/api.w.org\/{rel}","templated":true}]}}